{"id":1942,"date":"2024-01-08T20:08:26","date_gmt":"2024-01-08T19:08:26","guid":{"rendered":"https:\/\/psychotherapie-zeugswetter.at\/home\/?page_id=1942"},"modified":"2024-01-08T21:12:59","modified_gmt":"2024-01-08T20:12:59","slug":"erich-fromm-die-kunst-des-liebens","status":"publish","type":"page","link":"https:\/\/psychotherapie-zeugswetter.at\/home\/erich-fromm-die-kunst-des-liebens\/","title":{"rendered":"Erich Fromm: Die Kunst des Liebens"},"content":{"rendered":"\n<p>Diese Seite enth\u00e4lt die YouTube-Einbettung des H\u00f6rbuchs <strong><em>Die Kunst des Liebens<\/em><\/strong> von <strong>Erich Fromm<\/strong>. Dieses H\u00f6rbuch-Video ist im <strong><a href=\"https:\/\/support.google.com\/youtube\/answer\/171780?hl=de#zippy=%2Cerweiterten-datenschutzmodus-aktivieren\" target=\"_blank\" rel=\"noreferrer noopener\">erweitertem Datenschutzmodus<\/a><\/strong> (dieser Link f\u00fchrt zum Google-Support und der Erkl\u00e4rung dazu unter den \u00dcberschriften <strong><em>Optionen zum Einbetten von Videos verwalten<\/em><\/strong> und <strong>Erweiterten Datenschutzmodus aktivieren<\/strong>) eingebaut worden. Das bedeutet, dass beim Klick auf den Abspielknopf Daten an Google, den aktuellen Mutterkonzern von YouTube, geschickt werden. Daher gilt leider die <a href=\"https:\/\/policies.google.com\/privacy?hl=de\" target=\"_blank\" rel=\"noreferrer noopener\">Google-Datenschutzerkl\u00e4rung<\/a> und von mir aus die Nutzung auf eigene Gefahr!<br><br><\/p>\n\n\n\n<figure class=\"wp-block-embed is-type-video is-provider-youtube wp-block-embed-youtube wp-embed-aspect-16-9 wp-has-aspect-ratio\"><div class=\"wp-block-embed__wrapper\">\nhttps:\/\/youtu.be\/USPL-qM2JPU\n<\/div><\/figure>\n","protected":false},"excerpt":{"rendered":"<p>Diese Seite enth\u00e4lt die YouTube-Einbettung des H\u00f6rbuchs Die Kunst des Liebens von Erich Fromm. Dieses H\u00f6rbuch-Video ist im erweitertem Datenschutzmodus (dieser Link f\u00fchrt zum Google-Support und<span class=\"excerpt-hellip\"> [\u2026]<\/span><\/p>\n","protected":false},"author":1,"featured_media":0,"parent":0,"menu_order":0,"comment_status":"closed","ping_status":"closed","template":"","meta":{"footnotes":""},"class_list":["post-1942","page","type-page","status-publish","hentry"],"_links":{"self":[{"href":"https:\/\/psychotherapie-zeugswetter.at\/home\/wp-json\/wp\/v2\/pages\/1942","targetHints":{"allow":["GET"]}}],"collection":[{"href":"https:\/\/psychotherapie-zeugswetter.at\/home\/wp-json\/wp\/v2\/pages"}],"about":[{"href":"https:\/\/psychotherapie-zeugswetter.at\/home\/wp-json\/wp\/v2\/types\/page"}],"author":[{"embeddable":true,"href":"https:\/\/psychotherapie-zeugswetter.at\/home\/wp-json\/wp\/v2\/users\/1"}],"replies":[{"embeddable":true,"href":"https:\/\/psychotherapie-zeugswetter.at\/home\/wp-json\/wp\/v2\/comments?post=1942"}],"version-history":[{"count":8,"href":"https:\/\/psychotherapie-zeugswetter.at\/home\/wp-json\/wp\/v2\/pages\/1942\/revisions"}],"predecessor-version":[{"id":2016,"href":"https:\/\/psychotherapie-zeugswetter.at\/home\/wp-json\/wp\/v2\/pages\/1942\/revisions\/2016"}],"wp:attachment":[{"href":"https:\/\/psychotherapie-zeugswetter.at\/home\/wp-json\/wp\/v2\/media?parent=1942"}],"curies":[{"name":"wp","href":"https:\/\/api.w.org\/{rel}","templated":true}]}}