{"id":97,"date":"2020-12-19T14:35:00","date_gmt":"2020-12-19T13:35:00","guid":{"rendered":"https:\/\/psychotherapie-zeugswetter.at\/home\/?page_id=97"},"modified":"2021-03-15T18:39:59","modified_gmt":"2021-03-15T17:39:59","slug":"uber-mich","status":"publish","type":"page","link":"https:\/\/psychotherapie-zeugswetter.at\/home\/uber-mich\/","title":{"rendered":"\u00dcber mich"},"content":{"rendered":"\n<h3 class=\"has-text-color wp-block-heading\" style=\"color:#5d338b\">Robert Zeugswetter, Therapeut und Coach f\u00fcr bewusste Gestaltung gelingender Beziehungen<\/h3>\n\n\n\n<p>&nbsp;<\/p>\n\n\n\n<p><img fetchpriority=\"high\" decoding=\"async\" width=\"228\" height=\"285\" class=\"wp-image-436\" style=\"float:left;width: 150px;\" src=\"https:\/\/psychotherapie-zeugswetter.at\/home\/wp-content\/uploads\/2021\/01\/ueber_mich_robert_zeugswetter.jpg\" alt=\"\u00dcber mich Robert Zeugswetter\">Ich bin Robert Zeugswetter, <strong>\u00fcberzeugter ganzheitlicher Psychotherapeut <\/strong>und Coach \u2013 und immer wieder fasziniert, <strong>wie schnell Menschen lernen<\/strong> k\u00f6nnen, ihre Situation und ihre Beziehungen bewusst <strong>lebenswert zu beeinflussen<\/strong>.<\/p>\n\n\n\n<p>&nbsp;<\/p>\n\n\n\n<p>Ich erlebe mit meinen Klientinnen und Klienten immer wieder, dass sie das Gef\u00fchl haben &#8222;<em>Vieles l\u00e4uft im Leben eigenartig.<\/em>&#8220; Oder nicht so, wie sie es sich w\u00fcnschen &#8230; Warum das so ist, ist ihnen aber meist nicht klar.<\/p>\n\n\n\n<p>&nbsp;<\/p>\n\n\n\n<p>Ich wei\u00df aus Erfahrung, dass es eine Art \u201e<strong>Grammatik der Beziehungsgestaltung<\/strong>&#8220; gibt. Wenn man diese kennt und versteht, k\u00f6nnen Beziehungen ganz anders gelingen. Das ist wie beim Erlernen einer neuen Sprache. Je besser man die Grammatik beherrscht, desto klarer kann man sich ausdr\u00fccken und bewusster beeinflussen, was passiert. Man kann sich das aber zum Beispiel auch so vorstellen: Jemand verwendet beim Fahrradfahren nur die Vorderbremse und st\u00fcrzt immer wieder. Leider wei\u00df diese Person nicht, dass sich das Rad anders verhalten w\u00fcrde, wenn sie die Hinterradbremse verwenden w\u00fcrde.<\/p>\n\n\n\n<p>&nbsp;<\/p>\n\n\n\n<p>Dieses <strong>Wissen \u00fcber die menschliche Psyche<\/strong> will ich weitergeben und es auch <strong>erlebbar<\/strong>, <strong>f\u00fchlbar machen<\/strong>.<\/p>\n\n\n\n<p>&nbsp;<\/p>\n\n\n\n<p>&nbsp;Vielleicht auch noch interessant <em>\u00fcber mich<\/em> zu erfahren &#8230;<\/p>\n\n\n\n<ul class=\"wp-block-list\"><li><a href=\"https:\/\/psychotherapie-zeugswetter.at\/home\/uber-mich\/fragen-an-mich\/\">Fragen an mich (Robert Zeugswetter)<\/a><\/li><li><a href=\"https:\/\/psychotherapie-zeugswetter.at\/home\/uber-mich\/ausbildung-und-spezialgebiete\/\">Meine Ausbildung und Spezialgebiete<\/a><\/li><\/ul>\n","protected":false},"excerpt":{"rendered":"<p>Robert Zeugswetter, Therapeut und Coach f\u00fcr bewusste Gestaltung gelingender Beziehungen &nbsp; Ich bin Robert Zeugswetter, \u00fcberzeugter ganzheitlicher Psychotherapeut und Coach \u2013 und immer wieder fasziniert, wie<span class=\"excerpt-hellip\"> [\u2026]<\/span><\/p>\n","protected":false},"author":1,"featured_media":0,"parent":0,"menu_order":0,"comment_status":"closed","ping_status":"closed","template":"","meta":{"footnotes":""},"class_list":["post-97","page","type-page","status-publish","hentry"],"_links":{"self":[{"href":"https:\/\/psychotherapie-zeugswetter.at\/home\/wp-json\/wp\/v2\/pages\/97","targetHints":{"allow":["GET"]}}],"collection":[{"href":"https:\/\/psychotherapie-zeugswetter.at\/home\/wp-json\/wp\/v2\/pages"}],"about":[{"href":"https:\/\/psychotherapie-zeugswetter.at\/home\/wp-json\/wp\/v2\/types\/page"}],"author":[{"embeddable":true,"href":"https:\/\/psychotherapie-zeugswetter.at\/home\/wp-json\/wp\/v2\/users\/1"}],"replies":[{"embeddable":true,"href":"https:\/\/psychotherapie-zeugswetter.at\/home\/wp-json\/wp\/v2\/comments?post=97"}],"version-history":[{"count":101,"href":"https:\/\/psychotherapie-zeugswetter.at\/home\/wp-json\/wp\/v2\/pages\/97\/revisions"}],"predecessor-version":[{"id":1060,"href":"https:\/\/psychotherapie-zeugswetter.at\/home\/wp-json\/wp\/v2\/pages\/97\/revisions\/1060"}],"wp:attachment":[{"href":"https:\/\/psychotherapie-zeugswetter.at\/home\/wp-json\/wp\/v2\/media?parent=97"}],"curies":[{"name":"wp","href":"https:\/\/api.w.org\/{rel}","templated":true}]}}